{"id":22,"date":"2024-11-14T19:17:15","date_gmt":"2024-11-14T18:17:15","guid":{"rendered":"https:\/\/buildstargroup.pl\/?page_id=22"},"modified":"2025-07-29T17:59:59","modified_gmt":"2025-07-29T15:59:59","slug":"kontakt","status":"publish","type":"page","link":"https:\/\/buildstargroup.pl\/?page_id=22","title":{"rendered":"Kontakt"},"content":{"rendered":"\t\t<div data-elementor-type=\"wp-page\" data-elementor-id=\"22\" class=\"elementor elementor-22\">\n\t\t\t\t<div class=\"elementor-element elementor-element-d20527f e-flex e-con-boxed e-con e-parent\" data-id=\"d20527f\" data-element_type=\"container\" data-settings=\"{&quot;background_background&quot;:&quot;classic&quot;}\">\n\t\t\t\t\t<div class=\"e-con-inner\">\n\t\t\t\t\t<\/div>\n\t\t\t\t<\/div>\n\t\t<div class=\"elementor-element elementor-element-3507731 e-flex e-con-boxed e-con e-parent\" data-id=\"3507731\" data-element_type=\"container\" data-settings=\"{&quot;background_background&quot;:&quot;classic&quot;}\">\n\t\t\t\t\t<div class=\"e-con-inner\">\n\t\t<div class=\"elementor-element elementor-element-d3cd0d5 e-con-full e-grid e-con e-child\" data-id=\"d3cd0d5\" data-element_type=\"container\">\n\t\t\t\t<div class=\"elementor-element elementor-element-b43b79d elementor-widget elementor-widget-text-editor\" data-id=\"b43b79d\" data-element_type=\"widget\" data-widget_type=\"text-editor.default\">\n\t\t\t\t<div class=\"elementor-widget-container\">\n\t\t\t\t\t\t\t\t\t<p><br><\/p>\n<p><br><\/p>\n<p><br><\/p><p>Masz pytania lub chcesz um\u00f3wi\u0107 si\u0119 na spotkanie z naszym doradc\u0105? Skontaktuj si\u0119 z nami!<\/p>\n<p><br><\/p>\n<p>tel. 789 663 046<\/p>\n<p>e-mail: info@buildstargroup.pl<\/p>\t\t\t\t\t\t\t\t<\/div>\n\t\t\t\t<\/div>\n\t\t<div class=\"elementor-element elementor-element-3a16064 e-con-full e-grid e-con e-child\" data-id=\"3a16064\" data-element_type=\"container\">\n\t\t\t\t<div class=\"elementor-element elementor-element-258b370 elementor-widget elementor-widget-image\" data-id=\"258b370\" data-element_type=\"widget\" data-widget_type=\"image.default\">\n\t\t\t\t<div class=\"elementor-widget-container\">\n\t\t\t\t\t\t\t\t\t\t\t\t\t\t\t<img fetchpriority=\"high\" decoding=\"async\" width=\"1024\" height=\"576\" src=\"https:\/\/buildstargroup.pl\/wp-content\/uploads\/2025\/07\/01-WIZ-Czernikowo-Os.-Wisniowe-1-1024x576.jpg\" class=\"attachment-large size-large wp-image-594\" alt=\"\" srcset=\"https:\/\/buildstargroup.pl\/wp-content\/uploads\/2025\/07\/01-WIZ-Czernikowo-Os.-Wisniowe-1-1024x576.jpg 1024w, https:\/\/buildstargroup.pl\/wp-content\/uploads\/2025\/07\/01-WIZ-Czernikowo-Os.-Wisniowe-1-300x169.jpg 300w, https:\/\/buildstargroup.pl\/wp-content\/uploads\/2025\/07\/01-WIZ-Czernikowo-Os.-Wisniowe-1-768x432.jpg 768w, https:\/\/buildstargroup.pl\/wp-content\/uploads\/2025\/07\/01-WIZ-Czernikowo-Os.-Wisniowe-1-1536x864.jpg 1536w, https:\/\/buildstargroup.pl\/wp-content\/uploads\/2025\/07\/01-WIZ-Czernikowo-Os.-Wisniowe-1-2048x1152.jpg 2048w, https:\/\/buildstargroup.pl\/wp-content\/uploads\/2025\/07\/01-WIZ-Czernikowo-Os.-Wisniowe-1-800x450.jpg 800w, https:\/\/buildstargroup.pl\/wp-content\/uploads\/2025\/07\/01-WIZ-Czernikowo-Os.-Wisniowe-1-600x338.jpg 600w\" sizes=\"(max-width: 1024px) 100vw, 1024px\" \/>\t\t\t\t\t\t\t\t\t\t\t\t\t\t\t<\/div>\n\t\t\t\t<\/div>\n\t\t\t\t<div class=\"elementor-element elementor-element-d910f19 elementor-widget elementor-widget-image\" data-id=\"d910f19\" data-element_type=\"widget\" data-widget_type=\"image.default\">\n\t\t\t\t<div class=\"elementor-widget-container\">\n\t\t\t\t\t\t\t\t\t\t\t\t\t\t\t<img decoding=\"async\" width=\"1024\" height=\"576\" src=\"https:\/\/buildstargroup.pl\/wp-content\/uploads\/2024\/11\/Zdjecie-WhatsApp-2024-11-13-o-20.01.21_d61d173e-1024x576.jpg\" class=\"attachment-large size-large wp-image-71\" alt=\"\" srcset=\"https:\/\/buildstargroup.pl\/wp-content\/uploads\/2024\/11\/Zdjecie-WhatsApp-2024-11-13-o-20.01.21_d61d173e-1024x576.jpg 1024w, https:\/\/buildstargroup.pl\/wp-content\/uploads\/2024\/11\/Zdjecie-WhatsApp-2024-11-13-o-20.01.21_d61d173e-300x169.jpg 300w, https:\/\/buildstargroup.pl\/wp-content\/uploads\/2024\/11\/Zdjecie-WhatsApp-2024-11-13-o-20.01.21_d61d173e-768x432.jpg 768w, https:\/\/buildstargroup.pl\/wp-content\/uploads\/2024\/11\/Zdjecie-WhatsApp-2024-11-13-o-20.01.21_d61d173e-1536x864.jpg 1536w, https:\/\/buildstargroup.pl\/wp-content\/uploads\/2024\/11\/Zdjecie-WhatsApp-2024-11-13-o-20.01.21_d61d173e-800x450.jpg 800w, https:\/\/buildstargroup.pl\/wp-content\/uploads\/2024\/11\/Zdjecie-WhatsApp-2024-11-13-o-20.01.21_d61d173e-600x338.jpg 600w, https:\/\/buildstargroup.pl\/wp-content\/uploads\/2024\/11\/Zdjecie-WhatsApp-2024-11-13-o-20.01.21_d61d173e.jpg 1920w\" sizes=\"(max-width: 1024px) 100vw, 1024px\" \/>\t\t\t\t\t\t\t\t\t\t\t\t\t\t\t<\/div>\n\t\t\t\t<\/div>\n\t\t\t\t<\/div>\n\t\t\t\t<\/div>\n\t\t<div class=\"elementor-element elementor-element-9a585cf e-con-full e-flex e-con e-child\" data-id=\"9a585cf\" data-element_type=\"container\" data-settings=\"{&quot;background_background&quot;:&quot;classic&quot;}\">\n\t\t\t\t<div class=\"elementor-element elementor-element-8e886e0 pp-contact-form-7-button-custom elementor-widget elementor-widget-pp-contact-form-7\" data-id=\"8e886e0\" data-element_type=\"widget\" data-widget_type=\"pp-contact-form-7.default\">\n\t\t\t\t<div class=\"elementor-widget-container\">\n\t\t\t\t\t\t\t\t\t<div class=\"pp-contact-form pp-contact-form-7 placeholder-show\">\n\t\t\t\t\t\t\t\t\t\t\n<div class=\"wpcf7 no-js\" id=\"wpcf7-f589-p22-o1\" lang=\"pl-PL\" dir=\"ltr\" data-wpcf7-id=\"589\">\n<div class=\"screen-reader-response\"><p role=\"status\" aria-live=\"polite\" aria-atomic=\"true\"><\/p> <ul><\/ul><\/div>\n<form action=\"\/?page_id=22#wpcf7-f589-p22-o1\" method=\"post\" class=\"wpcf7-form init\" aria-label=\"Formularz kontaktowy\" novalidate=\"novalidate\" data-status=\"init\">\n<fieldset class=\"hidden-fields-container\"><input type=\"hidden\" name=\"_wpcf7\" value=\"589\" \/><input type=\"hidden\" name=\"_wpcf7_version\" value=\"6.1\" \/><input type=\"hidden\" name=\"_wpcf7_locale\" value=\"pl_PL\" \/><input type=\"hidden\" name=\"_wpcf7_unit_tag\" value=\"wpcf7-f589-p22-o1\" \/><input type=\"hidden\" name=\"_wpcf7_container_post\" value=\"22\" \/><input type=\"hidden\" name=\"_wpcf7_posted_data_hash\" value=\"\" \/>\n<\/fieldset>\n<p><label> Imi\u0119 i nazwisko<br \/>\n<span class=\"wpcf7-form-control-wrap\" data-name=\"your-name\"><input size=\"40\" maxlength=\"400\" class=\"wpcf7-form-control wpcf7-text wpcf7-validates-as-required\" autocomplete=\"name\" aria-required=\"true\" aria-invalid=\"false\" value=\"\" type=\"text\" name=\"your-name\" \/><\/span> <\/label>\n<\/p>\n<p><label> Adres e-mail<br \/>\n<span class=\"wpcf7-form-control-wrap\" data-name=\"your-email\"><input size=\"40\" maxlength=\"400\" class=\"wpcf7-form-control wpcf7-email wpcf7-validates-as-required wpcf7-text wpcf7-validates-as-email\" autocomplete=\"email\" aria-required=\"true\" aria-invalid=\"false\" value=\"\" type=\"email\" name=\"your-email\" \/><\/span> <\/label><br \/>\n<label> Temat<br \/>\n<span class=\"wpcf7-form-control-wrap\" data-name=\"topic\"><input size=\"40\" maxlength=\"400\" class=\"wpcf7-form-control wpcf7-text wpcf7-validates-as-required\" autocomplete=\"name\" aria-required=\"true\" aria-invalid=\"false\" value=\"\" type=\"text\" name=\"topic\" \/><\/span> <\/label><br \/>\n<label> Twoja wiadomo\u015b\u0107<br \/>\n<span class=\"wpcf7-form-control-wrap\" data-name=\"your-message\"><textarea cols=\"40\" rows=\"10\" maxlength=\"2000\" class=\"wpcf7-form-control wpcf7-textarea\" aria-invalid=\"false\" name=\"your-message\"><\/textarea><\/span> <\/label>\n<\/p>\n<p><input class=\"wpcf7-form-control wpcf7-submit has-spinner\" type=\"submit\" value=\"Wy\u015blij\" \/>\n<\/p><p style=\"display: none !important;\" class=\"akismet-fields-container\" data-prefix=\"_wpcf7_ak_\"><label>&#916;<textarea name=\"_wpcf7_ak_hp_textarea\" cols=\"45\" rows=\"8\" maxlength=\"100\"><\/textarea><\/label><input type=\"hidden\" id=\"ak_js_1\" name=\"_wpcf7_ak_js\" value=\"89\"\/><script>document.getElementById( \"ak_js_1\" ).setAttribute( \"value\", ( new Date() ).getTime() );<\/script><\/p><div class=\"wpcf7-response-output\" aria-hidden=\"true\"><\/div>\n<\/form>\n<\/div>\n\t\t\t\t<\/div>\n\t\t\t\t\t\t\t\t<\/div>\n\t\t\t\t<\/div>\n\t\t\t\t<\/div>\n\t\t\t\t\t<\/div>\n\t\t\t\t<\/div>\n\t\t\t\t<\/div>\n\t\t","protected":false},"excerpt":{"rendered":"<p>Masz pytania lub chcesz um\u00f3wi\u0107 si\u0119 na spotkanie z naszym doradc\u0105? Skontaktuj si\u0119 z nami! tel. 789 663 046 e-mail: info@buildstargroup.pl Imi\u0119 i nazwisko Adres e-mail Temat Twoja wiadomo\u015b\u0107 &#916;<\/p>\n","protected":false},"author":1,"featured_media":0,"parent":0,"menu_order":0,"comment_status":"closed","ping_status":"closed","template":"","meta":{"ocean_post_layout":"full-screen","ocean_both_sidebars_style":"","ocean_both_sidebars_content_width":0,"ocean_both_sidebars_sidebars_width":0,"ocean_sidebar":"","ocean_second_sidebar":"","ocean_disable_margins":"enable","ocean_add_body_class":"","ocean_shortcode_before_top_bar":"","ocean_shortcode_after_top_bar":"","ocean_shortcode_before_header":"","ocean_shortcode_after_header":"","ocean_has_shortcode":"","ocean_shortcode_after_title":"","ocean_shortcode_before_footer_widgets":"","ocean_shortcode_after_footer_widgets":"","ocean_shortcode_before_footer_bottom":"","ocean_shortcode_after_footer_bottom":"","ocean_display_top_bar":"off","ocean_display_header":"default","ocean_header_style":"","ocean_center_header_left_menu":"","ocean_custom_header_template":"","ocean_custom_logo":0,"ocean_custom_retina_logo":0,"ocean_custom_logo_max_width":0,"ocean_custom_logo_tablet_max_width":0,"ocean_custom_logo_mobile_max_width":0,"ocean_custom_logo_max_height":0,"ocean_custom_logo_tablet_max_height":0,"ocean_custom_logo_mobile_max_height":0,"ocean_header_custom_menu":"","ocean_menu_typo_font_family":"","ocean_menu_typo_font_subset":"","ocean_menu_typo_font_size":0,"ocean_menu_typo_font_size_tablet":0,"ocean_menu_typo_font_size_mobile":0,"ocean_menu_typo_font_size_unit":"px","ocean_menu_typo_font_weight":"","ocean_menu_typo_font_weight_tablet":"","ocean_menu_typo_font_weight_mobile":"","ocean_menu_typo_transform":"","ocean_menu_typo_transform_tablet":"","ocean_menu_typo_transform_mobile":"","ocean_menu_typo_line_height":0,"ocean_menu_typo_line_height_tablet":0,"ocean_menu_typo_line_height_mobile":0,"ocean_menu_typo_line_height_unit":"","ocean_menu_typo_spacing":0,"ocean_menu_typo_spacing_tablet":0,"ocean_menu_typo_spacing_mobile":0,"ocean_menu_typo_spacing_unit":"","ocean_menu_link_color":"","ocean_menu_link_color_hover":"","ocean_menu_link_color_active":"","ocean_menu_link_background":"","ocean_menu_link_hover_background":"","ocean_menu_link_active_background":"","ocean_menu_social_links_bg":"","ocean_menu_social_hover_links_bg":"","ocean_menu_social_links_color":"","ocean_menu_social_hover_links_color":"","ocean_disable_title":"on","ocean_disable_heading":"default","ocean_post_title":"","ocean_post_subheading":"","ocean_post_title_style":"","ocean_post_title_background_color":"","ocean_post_title_background":0,"ocean_post_title_bg_image_position":"","ocean_post_title_bg_image_attachment":"","ocean_post_title_bg_image_repeat":"","ocean_post_title_bg_image_size":"","ocean_post_title_height":0,"ocean_post_title_bg_overlay":0.5,"ocean_post_title_bg_overlay_color":"","ocean_disable_breadcrumbs":"default","ocean_breadcrumbs_color":"","ocean_breadcrumbs_separator_color":"","ocean_breadcrumbs_links_color":"","ocean_breadcrumbs_links_hover_color":"","ocean_display_footer_widgets":"off","ocean_display_footer_bottom":"off","ocean_custom_footer_template":"","two_page_speed":[],"footnotes":""},"class_list":["post-22","page","type-page","status-publish","hentry","entry"],"yoast_head":"<!-- This site is optimized with the Yoast SEO plugin v25.3.1 - https:\/\/yoast.com\/wordpress\/plugins\/seo\/ -->\n<title>Kontakt - Build Star Group<\/title>\n<meta name=\"robots\" content=\"index, follow, max-snippet:-1, max-image-preview:large, max-video-preview:-1\" \/>\n<link rel=\"canonical\" href=\"https:\/\/buildstargroup.pl\/?page_id=22\" \/>\n<meta property=\"og:locale\" content=\"pl_PL\" \/>\n<meta property=\"og:type\" content=\"article\" \/>\n<meta property=\"og:title\" content=\"Kontakt - Build Star Group\" \/>\n<meta property=\"og:description\" content=\"Masz pytania lub chcesz um\u00f3wi\u0107 si\u0119 na spotkanie z naszym doradc\u0105? Skontaktuj si\u0119 z nami! tel. 789 663 046 e-mail: info@buildstargroup.pl Imi\u0119 i nazwisko Adres e-mail Temat Twoja wiadomo\u015b\u0107 &#916;\" \/>\n<meta property=\"og:url\" content=\"https:\/\/buildstargroup.pl\/?page_id=22\" \/>\n<meta property=\"og:site_name\" content=\"Build Star Group\" \/>\n<meta property=\"article:modified_time\" content=\"2025-07-29T15:59:59+00:00\" \/>\n<meta property=\"og:image\" content=\"https:\/\/buildstargroup.pl\/wp-content\/uploads\/2025\/07\/01-WIZ-Czernikowo-Os.-Wisniowe-1-scaled.jpg\" \/>\n\t<meta property=\"og:image:width\" content=\"2560\" \/>\n\t<meta property=\"og:image:height\" content=\"1440\" \/>\n\t<meta property=\"og:image:type\" content=\"image\/jpeg\" \/>\n<meta name=\"twitter:card\" content=\"summary_large_image\" \/>\n<meta name=\"twitter:label1\" content=\"Szacowany czas czytania\" \/>\n\t<meta name=\"twitter:data1\" content=\"1 minuta\" \/>\n<script type=\"application\/ld+json\" class=\"yoast-schema-graph\">{\"@context\":\"https:\/\/schema.org\",\"@graph\":[{\"@type\":\"WebPage\",\"@id\":\"https:\/\/buildstargroup.pl\/?page_id=22\",\"url\":\"https:\/\/buildstargroup.pl\/?page_id=22\",\"name\":\"Kontakt - Build Star Group\",\"isPartOf\":{\"@id\":\"https:\/\/buildstargroup.pl\/#website\"},\"primaryImageOfPage\":{\"@id\":\"https:\/\/buildstargroup.pl\/?page_id=22#primaryimage\"},\"image\":{\"@id\":\"https:\/\/buildstargroup.pl\/?page_id=22#primaryimage\"},\"thumbnailUrl\":\"https:\/\/buildstargroup.pl\/wp-content\/uploads\/2025\/07\/01-WIZ-Czernikowo-Os.-Wisniowe-1-1024x576.jpg\",\"datePublished\":\"2024-11-14T18:17:15+00:00\",\"dateModified\":\"2025-07-29T15:59:59+00:00\",\"breadcrumb\":{\"@id\":\"https:\/\/buildstargroup.pl\/?page_id=22#breadcrumb\"},\"inLanguage\":\"pl-PL\",\"potentialAction\":[{\"@type\":\"ReadAction\",\"target\":[\"https:\/\/buildstargroup.pl\/?page_id=22\"]}]},{\"@type\":\"ImageObject\",\"inLanguage\":\"pl-PL\",\"@id\":\"https:\/\/buildstargroup.pl\/?page_id=22#primaryimage\",\"url\":\"https:\/\/buildstargroup.pl\/wp-content\/uploads\/2025\/07\/01-WIZ-Czernikowo-Os.-Wisniowe-1-scaled.jpg\",\"contentUrl\":\"https:\/\/buildstargroup.pl\/wp-content\/uploads\/2025\/07\/01-WIZ-Czernikowo-Os.-Wisniowe-1-scaled.jpg\",\"width\":2560,\"height\":1440},{\"@type\":\"BreadcrumbList\",\"@id\":\"https:\/\/buildstargroup.pl\/?page_id=22#breadcrumb\",\"itemListElement\":[{\"@type\":\"ListItem\",\"position\":1,\"name\":\"Strona g\u0142\u00f3wna\",\"item\":\"https:\/\/buildstargroup.pl\/\"},{\"@type\":\"ListItem\",\"position\":2,\"name\":\"Kontakt\"}]},{\"@type\":\"WebSite\",\"@id\":\"https:\/\/buildstargroup.pl\/#website\",\"url\":\"https:\/\/buildstargroup.pl\/\",\"name\":\"Build Star Group\",\"description\":\"\",\"publisher\":{\"@id\":\"https:\/\/buildstargroup.pl\/#organization\"},\"potentialAction\":[{\"@type\":\"SearchAction\",\"target\":{\"@type\":\"EntryPoint\",\"urlTemplate\":\"https:\/\/buildstargroup.pl\/?s={search_term_string}\"},\"query-input\":{\"@type\":\"PropertyValueSpecification\",\"valueRequired\":true,\"valueName\":\"search_term_string\"}}],\"inLanguage\":\"pl-PL\"},{\"@type\":\"Organization\",\"@id\":\"https:\/\/buildstargroup.pl\/#organization\",\"name\":\"Build Star Group\",\"url\":\"https:\/\/buildstargroup.pl\/\",\"logo\":{\"@type\":\"ImageObject\",\"inLanguage\":\"pl-PL\",\"@id\":\"https:\/\/buildstargroup.pl\/#\/schema\/logo\/image\/\",\"url\":\"https:\/\/buildstargroup.pl\/wp-content\/uploads\/2025\/06\/cropped-ChatGPT-Image-29-cze-2025-16_11_35.png\",\"contentUrl\":\"https:\/\/buildstargroup.pl\/wp-content\/uploads\/2025\/06\/cropped-ChatGPT-Image-29-cze-2025-16_11_35.png\",\"width\":1023,\"height\":1024,\"caption\":\"Build Star Group\"},\"image\":{\"@id\":\"https:\/\/buildstargroup.pl\/#\/schema\/logo\/image\/\"}}]}<\/script>\n<!-- \/ Yoast SEO plugin. -->","yoast_head_json":{"title":"Kontakt - Build Star Group","robots":{"index":"index","follow":"follow","max-snippet":"max-snippet:-1","max-image-preview":"max-image-preview:large","max-video-preview":"max-video-preview:-1"},"canonical":"https:\/\/buildstargroup.pl\/?page_id=22","og_locale":"pl_PL","og_type":"article","og_title":"Kontakt - Build Star Group","og_description":"Masz pytania lub chcesz um\u00f3wi\u0107 si\u0119 na spotkanie z naszym doradc\u0105? Skontaktuj si\u0119 z nami! tel. 789 663 046 e-mail: info@buildstargroup.pl Imi\u0119 i nazwisko Adres e-mail Temat Twoja wiadomo\u015b\u0107 &#916;","og_url":"https:\/\/buildstargroup.pl\/?page_id=22","og_site_name":"Build Star Group","article_modified_time":"2025-07-29T15:59:59+00:00","og_image":[{"width":2560,"height":1440,"url":"https:\/\/buildstargroup.pl\/wp-content\/uploads\/2025\/07\/01-WIZ-Czernikowo-Os.-Wisniowe-1-scaled.jpg","type":"image\/jpeg"}],"twitter_card":"summary_large_image","twitter_misc":{"Szacowany czas czytania":"1 minuta"},"schema":{"@context":"https:\/\/schema.org","@graph":[{"@type":"WebPage","@id":"https:\/\/buildstargroup.pl\/?page_id=22","url":"https:\/\/buildstargroup.pl\/?page_id=22","name":"Kontakt - Build Star Group","isPartOf":{"@id":"https:\/\/buildstargroup.pl\/#website"},"primaryImageOfPage":{"@id":"https:\/\/buildstargroup.pl\/?page_id=22#primaryimage"},"image":{"@id":"https:\/\/buildstargroup.pl\/?page_id=22#primaryimage"},"thumbnailUrl":"https:\/\/buildstargroup.pl\/wp-content\/uploads\/2025\/07\/01-WIZ-Czernikowo-Os.-Wisniowe-1-1024x576.jpg","datePublished":"2024-11-14T18:17:15+00:00","dateModified":"2025-07-29T15:59:59+00:00","breadcrumb":{"@id":"https:\/\/buildstargroup.pl\/?page_id=22#breadcrumb"},"inLanguage":"pl-PL","potentialAction":[{"@type":"ReadAction","target":["https:\/\/buildstargroup.pl\/?page_id=22"]}]},{"@type":"ImageObject","inLanguage":"pl-PL","@id":"https:\/\/buildstargroup.pl\/?page_id=22#primaryimage","url":"https:\/\/buildstargroup.pl\/wp-content\/uploads\/2025\/07\/01-WIZ-Czernikowo-Os.-Wisniowe-1-scaled.jpg","contentUrl":"https:\/\/buildstargroup.pl\/wp-content\/uploads\/2025\/07\/01-WIZ-Czernikowo-Os.-Wisniowe-1-scaled.jpg","width":2560,"height":1440},{"@type":"BreadcrumbList","@id":"https:\/\/buildstargroup.pl\/?page_id=22#breadcrumb","itemListElement":[{"@type":"ListItem","position":1,"name":"Strona g\u0142\u00f3wna","item":"https:\/\/buildstargroup.pl\/"},{"@type":"ListItem","position":2,"name":"Kontakt"}]},{"@type":"WebSite","@id":"https:\/\/buildstargroup.pl\/#website","url":"https:\/\/buildstargroup.pl\/","name":"Build Star Group","description":"","publisher":{"@id":"https:\/\/buildstargroup.pl\/#organization"},"potentialAction":[{"@type":"SearchAction","target":{"@type":"EntryPoint","urlTemplate":"https:\/\/buildstargroup.pl\/?s={search_term_string}"},"query-input":{"@type":"PropertyValueSpecification","valueRequired":true,"valueName":"search_term_string"}}],"inLanguage":"pl-PL"},{"@type":"Organization","@id":"https:\/\/buildstargroup.pl\/#organization","name":"Build Star Group","url":"https:\/\/buildstargroup.pl\/","logo":{"@type":"ImageObject","inLanguage":"pl-PL","@id":"https:\/\/buildstargroup.pl\/#\/schema\/logo\/image\/","url":"https:\/\/buildstargroup.pl\/wp-content\/uploads\/2025\/06\/cropped-ChatGPT-Image-29-cze-2025-16_11_35.png","contentUrl":"https:\/\/buildstargroup.pl\/wp-content\/uploads\/2025\/06\/cropped-ChatGPT-Image-29-cze-2025-16_11_35.png","width":1023,"height":1024,"caption":"Build Star Group"},"image":{"@id":"https:\/\/buildstargroup.pl\/#\/schema\/logo\/image\/"}}]}},"_links":{"self":[{"href":"https:\/\/buildstargroup.pl\/index.php?rest_route=\/wp\/v2\/pages\/22","targetHints":{"allow":["GET"]}}],"collection":[{"href":"https:\/\/buildstargroup.pl\/index.php?rest_route=\/wp\/v2\/pages"}],"about":[{"href":"https:\/\/buildstargroup.pl\/index.php?rest_route=\/wp\/v2\/types\/page"}],"author":[{"embeddable":true,"href":"https:\/\/buildstargroup.pl\/index.php?rest_route=\/wp\/v2\/users\/1"}],"replies":[{"embeddable":true,"href":"https:\/\/buildstargroup.pl\/index.php?rest_route=%2Fwp%2Fv2%2Fcomments&post=22"}],"version-history":[{"count":56,"href":"https:\/\/buildstargroup.pl\/index.php?rest_route=\/wp\/v2\/pages\/22\/revisions"}],"predecessor-version":[{"id":616,"href":"https:\/\/buildstargroup.pl\/index.php?rest_route=\/wp\/v2\/pages\/22\/revisions\/616"}],"wp:attachment":[{"href":"https:\/\/buildstargroup.pl\/index.php?rest_route=%2Fwp%2Fv2%2Fmedia&parent=22"}],"curies":[{"name":"wp","href":"https:\/\/api.w.org\/{rel}","templated":true}]}}